{"id":168,"date":"2024-05-18T13:42:14","date_gmt":"2024-05-18T13:42:14","guid":{"rendered":"https:\/\/www.constelacionepic.com\/?page_id=168"},"modified":"2024-12-12T03:25:37","modified_gmt":"2024-12-12T03:25:37","slug":"creando-un-genio","status":"publish","type":"page","link":"https:\/\/www.constelacionepic.com\/index.php\/artistas\/creando-un-genio\/","title":{"rendered":"Creando un Genio"},"content":{"rendered":"<p>[et_pb_section fb_built=\u00bb1&#8243; admin_label=\u00bbHeader\u00bb _builder_version=\u00bb4.25.1&#8243; _module_preset=\u00bbdefault\u00bb background_image=\u00bbhttps:\/\/www.constelacionepic.com\/wp-content\/uploads\/2024\/06\/Creando-un-genio-3.png\u00bb background_size=\u00bbinitial\u00bb background_position=\u00bbtop_left\u00bb width_phone=\u00bb100%\u00bb width_last_edited=\u00bboff|desktop\u00bb max_width_phone=\u00bb100%\u00bb max_width_last_edited=\u00bboff|phone\u00bb custom_padding=\u00bb||28vw||false|false\u00bb background_last_edited=\u00bbon|phone\u00bb background_size_phone=\u00bbcontain\u00bb background_vertical_offset_phone=\u00bb3%\u00bb background_repeat_phone=\u00bbno-repeat\u00bb locked=\u00bboff\u00bb global_colors_info=\u00bb{}\u00bb][et_pb_row _builder_version=\u00bb4.16&#8243; _module_preset=\u00bbdefault\u00bb global_colors_info=\u00bb{}\u00bb][et_pb_column type=\u00bb4_4&#8243; _builder_version=\u00bb4.16&#8243; _module_preset=\u00bbdefault\u00bb global_colors_info=\u00bb{}\u00bb][\/et_pb_column][\/et_pb_row][\/et_pb_section][et_pb_section fb_built=\u00bb1&#8243; admin_label=\u00bbAbout\u00bb _builder_version=\u00bb4.16&#8243; _module_preset=\u00bbdefault\u00bb custom_padding=\u00bb1px||||false|false\u00bb global_colors_info=\u00bb{}\u00bb][et_pb_row _builder_version=\u00bb4.25.1&#8243; _module_preset=\u00bbdefault\u00bb custom_margin=\u00bb-10vw||||false|false\u00bb custom_margin_tablet=\u00bb-10vw||||false|false\u00bb custom_margin_phone=\u00bb-28vw||||false|false\u00bb custom_margin_last_edited=\u00bbon|phone\u00bb global_colors_info=\u00bb{}\u00bb][et_pb_column type=\u00bb4_4&#8243; _builder_version=\u00bb4.16&#8243; _module_preset=\u00bbdefault\u00bb global_colors_info=\u00bb{}\u00bb][et_pb_video src=\u00bbhttps:\/\/www.youtube.com\/watch?v=y9Gg4b0yfQY&#038;list=PLDYxXHUhj1yT7vhdrqgOhXs2NiMZD8FL1&#8243; _builder_version=\u00bb4.25.1&#8243; _module_preset=\u00bbdefault\u00bb border_radii=\u00bbon|20px|20px|20px|20px\u00bb global_colors_info=\u00bb{}\u00bb][\/et_pb_video][\/et_pb_column][\/et_pb_row][\/et_pb_section][et_pb_section fb_built=\u00bb1&#8243; _builder_version=\u00bb4.25.1&#8243; _module_preset=\u00bbdefault\u00bb global_colors_info=\u00bb{}\u00bb][et_pb_row _builder_version=\u00bb4.16&#8243; _module_preset=\u00bbdefault\u00bb global_colors_info=\u00bb{}\u00bb][et_pb_column type=\u00bb4_4&#8243; _builder_version=\u00bb4.16&#8243; _module_preset=\u00bbdefault\u00bb global_colors_info=\u00bb{}\u00bb][et_pb_text _builder_version=\u00bb4.25.1&#8243; _module_preset=\u00bbdefault\u00bb header_2_font=\u00bbMontserrat|900|on||||||\u00bb header_2_font_size=\u00bb30px\u00bb header_2_line_height=\u00bb1.2em\u00bb animation_style=\u00bbflip\u00bb animation_delay=\u00bb250ms\u00bb header_2_font_size_tablet=\u00bb24px\u00bb header_2_font_size_phone=\u00bb18px\u00bb header_2_font_size_last_edited=\u00bbon|phone\u00bb header_2_text_shadow_style=\u00bbpreset4&#8243; header_2_text_shadow_color=\u00bbrgba(255,131,234,0.5)\u00bb locked=\u00bboff\u00bb global_colors_info=\u00bb{}\u00bb]<\/p>\n<h2>CREANDO UN GENIO<\/h2>\n<p>[\/et_pb_text][et_pb_text _builder_version=\u00bb4.25.1&#8243; _module_preset=\u00bbdefault\u00bb text_line_height=\u00bb2em\u00bb locked=\u00bboff\u00bb global_colors_info=\u00bb{}\u00bb]<\/p>\n<p style=\"text-align: center;\"><span class=\"OYPEnA text-decoration-none text-strikethrough-none\">Agrupaci\u00f3n art\u00edstica musical infantil perteneciente al conglomerado art\u00edstico CONSTELACI\u00d3N EPIC, creado, producido y desarrollado por el fundador de EPIC Academia Daniel \u201cMantillao\u201d Vel\u00e1squez desde Octubre del 2023.<\/span><span class=\"OYPEnA text-decoration-none text-strikethrough-none white-space-prewrap\"> <\/span><span class=\"OYPEnA text-decoration-none text-strikethrough-none\">Creando un Genio se especializa en crear m\u00fasica, historias, f\u00e1bulas y contenido acad\u00e9mico diverso, dise\u00f1ados para ni\u00f1os de 1 a 6 a\u00f1os, con el prop\u00f3sito de entretener, educar y estimular su desarrollo temprano integral, fomentando la creatividad, la imaginaci\u00f3n, los valores familiares &#8211; educativos, y desarrollando su capacidad de captaci\u00f3n y seguimiento r\u00edtmico &#8211; mel\u00f3dico, bases claves para el desarrollo de habilidades cognitivas y emocionales.<\/span><\/p>\n<p>[\/et_pb_text][\/et_pb_column][\/et_pb_row][\/et_pb_section][et_pb_section fb_built=\u00bb1&#8243; _builder_version=\u00bb4.25.1&#8243; _module_preset=\u00bbdefault\u00bb global_colors_info=\u00bb{}\u00bb][et_pb_row _builder_version=\u00bb4.25.1&#8243; _module_preset=\u00bbdefault\u00bb global_colors_info=\u00bb{}\u00bb][et_pb_column type=\u00bb4_4&#8243; _builder_version=\u00bb4.25.1&#8243; _module_preset=\u00bbdefault\u00bb global_colors_info=\u00bb{}\u00bb][et_pb_icon font_icon=\u00bb&#xe08e;||divi||400&#8243; _builder_version=\u00bb4.25.1&#8243; _module_preset=\u00bbdefault\u00bb animation_style=\u00bbbounce\u00bb global_colors_info=\u00bb{}\u00bb][\/et_pb_icon][et_pb_heading title=\u00bbDESCUBRE TODO NUESTRO MATERIAL\u00bb _builder_version=\u00bb4.25.1&#8243; _module_preset=\u00bbdefault\u00bb title_text_align=\u00bbcenter\u00bb custom_margin=\u00bb19px|||||\u00bb global_colors_info=\u00bb{}\u00bb][\/et_pb_heading][\/et_pb_column][\/et_pb_row][\/et_pb_section][et_pb_section fb_built=\u00bb1&#8243; _builder_version=\u00bb4.25.1&#8243; _module_preset=\u00bbdefault\u00bb global_colors_info=\u00bb{}\u00bb][et_pb_row column_structure=\u00bb1_4,1_4,1_4,1_4&#8243; _builder_version=\u00bb4.25.1&#8243; _module_preset=\u00bbdefault\u00bb global_colors_info=\u00bb{}\u00bb][et_pb_column type=\u00bb1_4&#8243; _builder_version=\u00bb4.25.1&#8243; _module_preset=\u00bbdefault\u00bb global_colors_info=\u00bb{}\u00bb][et_pb_blurb title=\u00bbCanciones\u00bb url=\u00bbhttps:\/\/www.constelacionepic.com\/index.php\/creando-un-genio-canciones\/\u00bb url_new_window=\u00bbon\u00bb image=\u00bbhttps:\/\/www.constelacionepic.com\/wp-content\/uploads\/2024\/06\/transparentes.png\u00bb alt=\u00bbAmarillenta creando un genio 12&#8243; _builder_version=\u00bb4.25.1&#8243; _module_preset=\u00bbdefault\u00bb header_text_align=\u00bbcenter\u00bb header_text_color=\u00bb#0C71C3&#8243; header_font_size=\u00bb25px\u00bb background_image=\u00bbhttps:\/\/www.constelacionepic.com\/wp-content\/uploads\/2024\/06\/creando-un-genio-12.png\u00bb background_size=\u00bbcontain\u00bb background_position=\u00bbtop_center\u00bb image_icon_custom_padding=\u00bb0px||0px||false|false\u00bb link_option_url=\u00bbhttps:\/\/www.constelacionepic.com\/index.php\/creando-un-genio-canciones\/\u00bb link_option_url_new_window=\u00bbon\u00bb global_colors_info=\u00bb{}\u00bb background__hover_enabled=\u00bbon|hover\u00bb background_image__hover=\u00bbhttps:\/\/www.constelacionepic.com\/wp-content\/uploads\/2024\/06\/creando-un-genio-15.png\u00bb background_enable_image__hover=\u00bbon\u00bb title__hover_enabled=\u00bboff|hover\u00bb header_text_color__hover_enabled=\u00bbon|hover\u00bb header_text_color__hover=\u00bb#E09900&#8243;][\/et_pb_blurb][\/et_pb_column][et_pb_column type=\u00bb1_4&#8243; _builder_version=\u00bb4.25.1&#8243; _module_preset=\u00bbdefault\u00bb global_colors_info=\u00bb{}\u00bb][et_pb_blurb title=\u00bbVideo Oficiales\u00bb url=\u00bbhttps:\/\/www.youtube.com\/watch?v=UxyOJ_M5IDM&#038;list=PLDYxXHUhj1yQFGr52prHFwroWqjAVVeAh\u00bb url_new_window=\u00bbon\u00bb image=\u00bbhttps:\/\/www.constelacionepic.com\/wp-content\/uploads\/2024\/06\/transparentes.png\u00bb alt=\u00bbAzuleja creando un genio 15&#8243; _builder_version=\u00bb4.25.1&#8243; _module_preset=\u00bbdefault\u00bb header_text_align=\u00bbcenter\u00bb header_text_color=\u00bb#0C71C3&#8243; header_font_size=\u00bb25px\u00bb background_image=\u00bbhttps:\/\/www.constelacionepic.com\/wp-content\/uploads\/2024\/06\/creando-un-genio-11.png\u00bb background_size=\u00bbcontain\u00bb background_position=\u00bbtop_center\u00bb image_icon_custom_padding=\u00bb0px||0px||false|false\u00bb link_option_url=\u00bbhttps:\/\/www.youtube.com\/watch?v=UxyOJ_M5IDM&#038;list=PLDYxXHUhj1yQFGr52prHFwroWqjAVVeAh\u00bb link_option_url_new_window=\u00bbon\u00bb global_colors_info=\u00bb{}\u00bb background_image__hover=\u00bbhttps:\/\/www.constelacionepic.com\/wp-content\/uploads\/2024\/06\/creando-un-genio-16.png\u00bb background_enable_image__hover=\u00bbon\u00bb background__hover_enabled=\u00bbon|hover\u00bb header_text_color__hover_enabled=\u00bbon|hover\u00bb header_text_color__hover=\u00bb#E09900&#8243;][\/et_pb_blurb][\/et_pb_column][et_pb_column type=\u00bb1_4&#8243; _builder_version=\u00bb4.25.1&#8243; _module_preset=\u00bbdefault\u00bb global_colors_info=\u00bb{}\u00bb][et_pb_blurb title=\u00bbVideo Lyrics \u00bb url=\u00bbhttps:\/\/www.youtube.com\/watch?v=LClGfMPo31Q&#038;list=PLDYxXHUhj1ySsZbkYPtyHX-g_MtTugdaH\u00bb url_new_window=\u00bbon\u00bb image=\u00bbhttps:\/\/www.constelacionepic.com\/wp-content\/uploads\/2024\/06\/transparentes.png\u00bb alt=\u00bbVerdina creando un genio 17&#8243; _builder_version=\u00bb4.25.1&#8243; _module_preset=\u00bbdefault\u00bb header_text_align=\u00bbcenter\u00bb header_text_color=\u00bb#0C71C3&#8243; header_font_size=\u00bb25px\u00bb background_image=\u00bbhttps:\/\/www.constelacionepic.com\/wp-content\/uploads\/2024\/06\/creando-un-genio-14.png\u00bb background_size=\u00bbcontain\u00bb background_position=\u00bbtop_center\u00bb image_icon_custom_padding=\u00bb0px||0px||false|false\u00bb link_option_url=\u00bbhttps:\/\/www.youtube.com\/watch?v=LClGfMPo31Q&#038;list=PLDYxXHUhj1ySsZbkYPtyHX-g_MtTugdaH\u00bb link_option_url_new_window=\u00bbon\u00bb global_colors_info=\u00bb{}\u00bb background_image__hover=\u00bbhttps:\/\/www.constelacionepic.com\/wp-content\/uploads\/2024\/06\/creando-un-genio-17.png\u00bb background_enable_image__hover=\u00bbon\u00bb background__hover_enabled=\u00bbon|hover\u00bb header_text_color__hover_enabled=\u00bbon|hover\u00bb header_text_color__hover=\u00bb#E09900&#8243;][\/et_pb_blurb][\/et_pb_column][et_pb_column type=\u00bb1_4&#8243; _builder_version=\u00bb4.25.1&#8243; _module_preset=\u00bbdefault\u00bb global_colors_info=\u00bb{}\u00bb][et_pb_blurb title=\u00bbContenido Educativo\u00bb url=\u00bbhttps:\/\/www.youtube.com\/watch?v=565w209XRXw&#038;list=PLDYxXHUhj1yTrqEEGbvciQiq_ZT_SIhAG\u00bb url_new_window=\u00bbon\u00bb image=\u00bbhttps:\/\/www.constelacionepic.com\/wp-content\/uploads\/2024\/06\/transparentes.png\u00bb alt=\u00bbRojizo y gris\u00e1ceo creando un genio 18&#8243; _builder_version=\u00bb4.25.1&#8243; _module_preset=\u00bbdefault\u00bb header_text_align=\u00bbcenter\u00bb header_text_color=\u00bb#0C71C3&#8243; header_font_size=\u00bb25px\u00bb background_image=\u00bbhttps:\/\/www.constelacionepic.com\/wp-content\/uploads\/2024\/06\/creando-un-genio-13.png\u00bb background_size=\u00bbcontain\u00bb background_position=\u00bbtop_center\u00bb image_icon_custom_padding=\u00bb0px||0px||false|false\u00bb link_option_url=\u00bbhttps:\/\/www.youtube.com\/watch?v=565w209XRXw&#038;list=PLDYxXHUhj1yTrqEEGbvciQiq_ZT_SIhAG\u00bb link_option_url_new_window=\u00bbon\u00bb global_colors_info=\u00bb{}\u00bb background_image__hover=\u00bbhttps:\/\/www.constelacionepic.com\/wp-content\/uploads\/2024\/06\/creando-un-genio-18.png\u00bb background_enable_image__hover=\u00bbon\u00bb background__hover_enabled=\u00bbon|hover\u00bb body_text_color__hover_enabled=\u00bbon|hover\u00bb body_text_color__hover=\u00bb#E09900&#8243; header_text_color__hover_enabled=\u00bbon|hover\u00bb header_text_color__hover=\u00bb#E09900&#8243;][\/et_pb_blurb][\/et_pb_column][\/et_pb_row][et_pb_row _builder_version=\u00bb4.25.1&#8243; _module_preset=\u00bbdefault\u00bb global_colors_info=\u00bb{}\u00bb][et_pb_column type=\u00bb4_4&#8243; _builder_version=\u00bb4.25.1&#8243; _module_preset=\u00bbdefault\u00bb global_colors_info=\u00bb{}\u00bb][et_pb_blurb title=\u00bbClub Creando un genio\u00bb url=\u00bbhttps:\/\/www.constelacionepic.com\/index.php\/blog-creando-un-genio\/\u00bb url_new_window=\u00bbon\u00bb image=\u00bbhttps:\/\/www.constelacionepic.com\/wp-content\/uploads\/2024\/06\/transparentes.png\u00bb alt=\u00bbClub Creando un genio\u00bb _builder_version=\u00bb4.25.2&#8243; _module_preset=\u00bbdefault\u00bb header_text_align=\u00bbcenter\u00bb header_text_color=\u00bb#0C71C3&#8243; header_font_size=\u00bb25px\u00bb background_image=\u00bbhttps:\/\/www.constelacionepic.com\/wp-content\/uploads\/2024\/06\/Logo-Cluub-Creando-un-genio.png\u00bb background_size=\u00bbcontain\u00bb background_position=\u00bbtop_center\u00bb image_icon_custom_padding=\u00bb0px||0px||false|false\u00bb link_option_url=\u00bbhttps:\/\/www.constelacionepic.com\/index.php\/blog-creando-un-genio\/\u00bb link_option_url_new_window=\u00bbon\u00bb global_colors_info=\u00bb{}\u00bb background__hover_enabled=\u00bbon|desktop\u00bb background_image__hover=\u00bb\u00bb background_enable_image__hover=\u00bboff\u00bb title__hover_enabled=\u00bboff|hover\u00bb header_text_color__hover_enabled=\u00bbon|hover\u00bb header_text_color__hover=\u00bb#E09900&#8243;][\/et_pb_blurb][\/et_pb_column][\/et_pb_row][et_pb_row _builder_version=\u00bb4.25.1&#8243; _module_preset=\u00bbdefault\u00bb global_colors_info=\u00bb{}\u00bb][et_pb_column type=\u00bb4_4&#8243; _builder_version=\u00bb4.25.1&#8243; _module_preset=\u00bbdefault\u00bb global_colors_info=\u00bb{}\u00bb][et_pb_heading title=\u00bbS\u00edguenos en nuestras redes sociales\u00bb _builder_version=\u00bb4.25.1&#8243; _module_preset=\u00bbdefault\u00bb title_text_align=\u00bbcenter\u00bb title_font_size=\u00bb21px\u00bb title_line_height=\u00bb3em\u00bb global_colors_info=\u00bb{}\u00bb transform_styles__hover_enabled=\u00bbon|hover\u00bb transform_scale__hover_enabled=\u00bbon|hover\u00bb transform_translate__hover_enabled=\u00bbon|desktop\u00bb transform_rotate__hover_enabled=\u00bbon|desktop\u00bb transform_skew__hover_enabled=\u00bbon|desktop\u00bb transform_origin__hover_enabled=\u00bbon|desktop\u00bb transform_skew__hover=\u00bb6deg|6deg\u00bb][\/et_pb_heading][et_pb_social_media_follow icon_color=\u00bb#FFFFFF\u00bb use_icon_font_size=\u00bbon\u00bb icon_font_size=\u00bb30px\u00bb _builder_version=\u00bb4.25.1&#8243; _module_preset=\u00bbdefault\u00bb text_orientation=\u00bbcenter\u00bb animation_style=\u00bbfold\u00bb border_radii=\u00bbon|35px|35px|35px|35px\u00bb global_colors_info=\u00bb{}\u00bb icon_color__hover_enabled=\u00bbon|hover\u00bb icon_color__hover=\u00bb#000000&#8243;][et_pb_social_media_follow_network social_network=\u00bbinstagram\u00bb url=\u00bbhttps:\/\/www.instagram.com\/constelacionepic\/\u00bb _builder_version=\u00bb4.25.1&#8243; _module_preset=\u00bbdefault\u00bb background_color=\u00bb#ea2c59&#8243; global_colors_info=\u00bb{}\u00bb follow_button=\u00bboff\u00bb url_new_window=\u00bbon\u00bb]instagram[\/et_pb_social_media_follow_network][et_pb_social_media_follow_network social_network=\u00bbfacebook\u00bb url=\u00bbhttps:\/\/www.facebook.com\/constelacionepic\u00bb _builder_version=\u00bb4.25.1&#8243; _module_preset=\u00bbdefault\u00bb background_color=\u00bb#3b5998&#8243; global_colors_info=\u00bb{}\u00bb follow_button=\u00bboff\u00bb url_new_window=\u00bbon\u00bb]facebook[\/et_pb_social_media_follow_network][et_pb_social_media_follow_network social_network=\u00bbtiktok\u00bb url=\u00bbhttps:\/\/www.tiktok.com\/@constelacionepic?lang=es\u00bb _builder_version=\u00bb4.25.1&#8243; _module_preset=\u00bbdefault\u00bb background_color=\u00bb#fe2c55&#8243; global_colors_info=\u00bb{}\u00bb follow_button=\u00bboff\u00bb url_new_window=\u00bbon\u00bb]tiktok[\/et_pb_social_media_follow_network][et_pb_social_media_follow_network social_network=\u00bbspotify\u00bb url=\u00bbhttps:\/\/open.spotify.com\/intl-es\/artist\/1hZcJfNvbsrykP2v7ae64l?si=z0aU_yGjQTKlkal_Xao-UQ&#038;nd=1&#038;dlsi=e777d43726ed49a0&#8243; _builder_version=\u00bb4.25.1&#8243; _module_preset=\u00bbdefault\u00bb background_color=\u00bb#1db954&#8243; global_colors_info=\u00bb{}\u00bb follow_button=\u00bboff\u00bb url_new_window=\u00bbon\u00bb]spotify[\/et_pb_social_media_follow_network][et_pb_social_media_follow_network social_network=\u00bbyoutube\u00bb url=\u00bbhttps:\/\/www.youtube.com\/channel\/UC-DVRikstocs3Rp_WtDu7Bw\u00bb _builder_version=\u00bb4.25.1&#8243; _module_preset=\u00bbdefault\u00bb background_color=\u00bb#a82400&#8243; global_colors_info=\u00bb{}\u00bb follow_button=\u00bboff\u00bb url_new_window=\u00bbon\u00bb]youtube[\/et_pb_social_media_follow_network][et_pb_social_media_follow_network social_network=\u00bbwhatsapp\u00bb url=\u00bbhttps:\/\/api.whatsapp.com\/send?phone=50769511838&#8243; _builder_version=\u00bb4.25.1&#8243; _module_preset=\u00bbdefault\u00bb background_color=\u00bb#25D366&#8243; global_colors_info=\u00bb{}\u00bb follow_button=\u00bboff\u00bb url_new_window=\u00bbon\u00bb]whatsapp[\/et_pb_social_media_follow_network][\/et_pb_social_media_follow][\/et_pb_column][\/et_pb_row][\/et_pb_section][et_pb_section fb_built=\u00bb1&#8243; _builder_version=\u00bb4.25.1&#8243; _module_preset=\u00bbdefault\u00bb global_colors_info=\u00bb{}\u00bb][et_pb_row _builder_version=\u00bb4.25.1&#8243; _module_preset=\u00bbdefault\u00bb min_height=\u00bb106.8px\u00bb global_colors_info=\u00bb{}\u00bb][et_pb_column type=\u00bb4_4&#8243; _builder_version=\u00bb4.25.1&#8243; _module_preset=\u00bbdefault\u00bb global_colors_info=\u00bb{}\u00bb][et_pb_icon font_icon=\u00bb&#xe031;||divi||400&#8243; _builder_version=\u00bb4.25.1&#8243; _module_preset=\u00bbdefault\u00bb animation_style=\u00bbroll\u00bb global_colors_info=\u00bb{}\u00bb][\/et_pb_icon][et_pb_heading title=\u00bbConciertos\u00bb _builder_version=\u00bb4.25.1&#8243; _module_preset=\u00bbdefault\u00bb title_text_align=\u00bbcenter\u00bb animation_style=\u00bbfade\u00bb global_colors_info=\u00bb{}\u00bb][\/et_pb_heading][\/et_pb_column][\/et_pb_row][et_pb_row column_structure=\u00bb1_3,1_3,1_3&#8243; _builder_version=\u00bb4.25.1&#8243; _module_preset=\u00bbdefault\u00bb animation_style=\u00bbfold\u00bb global_colors_info=\u00bb{}\u00bb][et_pb_column type=\u00bb1_3&#8243; _builder_version=\u00bb4.25.1&#8243; _module_preset=\u00bbdefault\u00bb global_colors_info=\u00bb{}\u00bb][et_pb_heading title=\u00bbS\u00e1bado 01 de Marzo 2025&#8243; _builder_version=\u00bb4.27.2&#8243; _module_preset=\u00bbdefault\u00bb title_text_align=\u00bbright\u00bb hover_enabled=\u00bb0&#8243; title_font_tablet=\u00bb\u00bb title_font_phone=\u00bb\u00bb title_font_last_edited=\u00bbon|phone\u00bb title_text_align_tablet=\u00bbright\u00bb title_text_align_phone=\u00bbcenter\u00bb title_text_align_last_edited=\u00bbon|phone\u00bb global_colors_info=\u00bb{}\u00bb sticky_enabled=\u00bb0&#8243;][\/et_pb_heading][et_pb_text _builder_version=\u00bb4.25.1&#8243; _module_preset=\u00bbdefault\u00bb header_text_align=\u00bbright\u00bb text_orientation=\u00bbright\u00bb text_font_size_tablet=\u00bb\u00bb text_font_size_phone=\u00bb13px\u00bb text_font_size_last_edited=\u00bbon|phone\u00bb text_orientation_tablet=\u00bbright\u00bb text_orientation_phone=\u00bbcenter\u00bb text_orientation_last_edited=\u00bbon|phone\u00bb global_colors_info=\u00bb{}\u00bb]<\/p>\n<p>Concierto en la sala de eventos m\u00faltiples de EPIC ACADEMIA. Hora de inicio 4:30 pm. Ciudad de Panam\u00e1<\/p>\n<p>[\/et_pb_text][\/et_pb_column][et_pb_column type=\u00bb1_3&#8243; _builder_version=\u00bb4.25.1&#8243; _module_preset=\u00bbdefault\u00bb global_colors_info=\u00bb{}\u00bb][et_pb_text _builder_version=\u00bb4.25.1&#8243; _module_preset=\u00bbdefault\u00bb header_3_text_align=\u00bbcenter\u00bb text_font_size_tablet=\u00bb\u00bb text_font_size_phone=\u00bb12px\u00bb text_font_size_last_edited=\u00bbon|phone\u00bb header_text_align_tablet=\u00bb\u00bb header_text_align_phone=\u00bbcenter\u00bb header_text_align_last_edited=\u00bbon|phone\u00bb header_3_font_size_tablet=\u00bb\u00bb header_3_font_size_phone=\u00bb20px\u00bb header_3_font_size_last_edited=\u00bbon|phone\u00bb global_colors_info=\u00bb{}\u00bb]<\/p>\n<h3 style=\"text-align: center;\"><\/h3>\n<h3 style=\"text-align: center;\"><\/h3>\n<h3 style=\"text-align: center;\"><span style=\"color: #0000ff;\">COMPRAR ENTRADA CLIC EN \u00cdCONO<\/span><\/h3>\n<p>&nbsp;<\/p>\n<p>[\/et_pb_text][\/et_pb_column][et_pb_column type=\u00bb1_3&#8243; _builder_version=\u00bb4.25.1&#8243; _module_preset=\u00bbdefault\u00bb global_colors_info=\u00bb{}\u00bb][et_pb_image src=\u00bbhttps:\/\/www.constelacionepic.com\/wp-content\/uploads\/2024\/06\/whatsapp-1.png\u00bb title_text=\u00bbwhatsapp (1)\u00bb url=\u00bbhttps:\/\/api.whatsapp.com\/send?phone=50769511838&#8243; url_new_window=\u00bbon\u00bb use_overlay=\u00bbon\u00bb overlay_icon_color=\u00bb#8300E9&#8243; hover_icon=\u00bb&#xe00b;||divi||400&#8243; align_tablet=\u00bb\u00bb align_phone=\u00bbcenter\u00bb align_last_edited=\u00bbon|phone\u00bb _builder_version=\u00bb4.25.1&#8243; _module_preset=\u00bbdefault\u00bb max_height=\u00bb100px\u00bb global_colors_info=\u00bb{}\u00bb][\/et_pb_image][\/et_pb_column][\/et_pb_row][\/et_pb_section][et_pb_section fb_built=\u00bb1&#8243; admin_label=\u00bbFooter\u00bb _builder_version=\u00bb4.25.1&#8243; _module_preset=\u00bbdefault\u00bb background_image=\u00bbhttps:\/\/www.constelacionepic.com\/wp-content\/uploads\/2024\/06\/Creando-un-genio-4b.png\u00bb background_size=\u00bbinitial\u00bb background_position=\u00bbbottom_right\u00bb custom_padding=\u00bb0px||||false|false\u00bb background_last_edited=\u00bbon|phone\u00bb background_size_phone=\u00bbcontain\u00bb background_vertical_offset_phone=\u00bb95%\u00bb global_colors_info=\u00bb{}\u00bb][et_pb_row _builder_version=\u00bb4.16&#8243; _module_preset=\u00bbdefault\u00bb max_width=\u00bb100%\u00bb custom_padding=\u00bb0px||0px||true|false\u00bb global_colors_info=\u00bb{}\u00bb][et_pb_column type=\u00bb4_4&#8243; _builder_version=\u00bb4.16&#8243; _module_preset=\u00bbdefault\u00bb global_colors_info=\u00bb{}\u00bb][et_pb_image src=\u00bbhttps:\/\/www.constelacionepic.com\/wp-content\/uploads\/2024\/06\/virtual-exercise_33.png\u00bb title_text=\u00bbvirtual-exercise_33&#8243; _builder_version=\u00bb4.16&#8243; _module_preset=\u00bbdefault\u00bb custom_margin=\u00bb||-12vw||false|false\u00bb global_colors_info=\u00bb{}\u00bb][\/et_pb_image][\/et_pb_column][\/et_pb_row][et_pb_row _builder_version=\u00bb4.25.1&#8243; _module_preset=\u00bbdefault\u00bb global_colors_info=\u00bb{}\u00bb][et_pb_column type=\u00bb4_4&#8243; _builder_version=\u00bb4.25.1&#8243; _module_preset=\u00bbdefault\u00bb global_colors_info=\u00bb{}\u00bb][\/et_pb_column][\/et_pb_row][et_pb_row _builder_version=\u00bb4.25.1&#8243; _module_preset=\u00bbdefault\u00bb global_colors_info=\u00bb{}\u00bb][et_pb_column type=\u00bb4_4&#8243; _builder_version=\u00bb4.25.1&#8243; _module_preset=\u00bbdefault\u00bb global_colors_info=\u00bb{}\u00bb][\/et_pb_column][\/et_pb_row][et_pb_row _builder_version=\u00bb4.25.1&#8243; _module_preset=\u00bbdefault\u00bb global_colors_info=\u00bb{}\u00bb][et_pb_column type=\u00bb4_4&#8243; _builder_version=\u00bb4.25.1&#8243; _module_preset=\u00bbdefault\u00bb global_colors_info=\u00bb{}\u00bb][\/et_pb_column][\/et_pb_row][et_pb_row _builder_version=\u00bb4.16&#8243; _module_preset=\u00bbdefault\u00bb global_colors_info=\u00bb{}\u00bb][et_pb_column type=\u00bb4_4&#8243; _builder_version=\u00bb4.16&#8243; _module_preset=\u00bbdefault\u00bb global_colors_info=\u00bb{}\u00bb][\/et_pb_column][\/et_pb_row][\/et_pb_section]<\/p>\n","protected":false},"excerpt":{"rendered":"<p>CREANDO UN GENIOAgrupaci\u00f3n art\u00edstica musical infantil perteneciente al conglomerado art\u00edstico CONSTELACI\u00d3N EPIC, creado, producido y desarrollado por el fundador de EPIC Academia Daniel \u201cMantillao\u201d Vel\u00e1squez desde Octubre del 2023. Creando un Genio se especializa en crear m\u00fasica, historias, f\u00e1bulas y contenido acad\u00e9mico diverso, dise\u00f1ados para ni\u00f1os de 1 a 6 a\u00f1os, con el prop\u00f3sito de [&hellip;]<\/p>\n","protected":false},"author":1,"featured_media":169,"parent":149,"menu_order":0,"comment_status":"closed","ping_status":"closed","template":"","meta":{"_et_pb_use_builder":"on","_et_pb_old_content":"<!-- wp:divi\/placeholder \/-->","_et_gb_content_width":"","footnotes":""},"class_list":["post-168","page","type-page","status-publish","has-post-thumbnail","hentry"],"_links":{"self":[{"href":"https:\/\/www.constelacionepic.com\/index.php\/wp-json\/wp\/v2\/pages\/168","targetHints":{"allow":["GET"]}}],"collection":[{"href":"https:\/\/www.constelacionepic.com\/index.php\/wp-json\/wp\/v2\/pages"}],"about":[{"href":"https:\/\/www.constelacionepic.com\/index.php\/wp-json\/wp\/v2\/types\/page"}],"author":[{"embeddable":true,"href":"https:\/\/www.constelacionepic.com\/index.php\/wp-json\/wp\/v2\/users\/1"}],"replies":[{"embeddable":true,"href":"https:\/\/www.constelacionepic.com\/index.php\/wp-json\/wp\/v2\/comments?post=168"}],"version-history":[{"count":23,"href":"https:\/\/www.constelacionepic.com\/index.php\/wp-json\/wp\/v2\/pages\/168\/revisions"}],"predecessor-version":[{"id":1149,"href":"https:\/\/www.constelacionepic.com\/index.php\/wp-json\/wp\/v2\/pages\/168\/revisions\/1149"}],"up":[{"embeddable":true,"href":"https:\/\/www.constelacionepic.com\/index.php\/wp-json\/wp\/v2\/pages\/149"}],"wp:featuredmedia":[{"embeddable":true,"href":"https:\/\/www.constelacionepic.com\/index.php\/wp-json\/wp\/v2\/media\/169"}],"wp:attachment":[{"href":"https:\/\/www.constelacionepic.com\/index.php\/wp-json\/wp\/v2\/media?parent=168"}],"curies":[{"name":"wp","href":"https:\/\/api.w.org\/{rel}","templated":true}]}}